{"id":2956,"date":"2025-06-27T00:48:50","date_gmt":"2025-06-26T21:48:50","guid":{"rendered":"https:\/\/rodas.lv\/?page_id=2956"},"modified":"2025-06-29T09:33:29","modified_gmt":"2025-06-29T06:33:29","slug":"%d0%b4%d0%b8%d0%b7%d0%b0%d0%b9%d0%bd%d0%b5%d1%80","status":"publish","type":"page","link":"https:\/\/rodas.lv\/ru\/%d0%b4%d0%b8%d0%b7%d0%b0%d0%b9%d0%bd%d0%b5%d1%80\/","title":{"rendered":"\u0414\u0438\u0437\u0430\u0439\u043d\u0435\u0440"},"content":{"rendered":"\t\t<div data-elementor-type=\"wp-page\" data-elementor-id=\"2956\" class=\"elementor elementor-2956\">\n\t\t\t\t\t\t<section class=\"elementor-section elementor-top-section elementor-element elementor-element-8d507a1 pbmit-col-stretched-none pbmit-bg-color-over-image elementor-section-boxed elementor-section-height-default elementor-section-height-default\" data-id=\"8d507a1\" data-element_type=\"section\">\n\t\t\t\t\t\t<div class=\"elementor-container elementor-column-gap-default\">\n\t\t\t\t\t<div class=\"elementor-column elementor-col-100 elementor-top-column elementor-element elementor-element-c3a9816 pbmit-bg-color-over-image\" data-id=\"c3a9816\" data-element_type=\"column\">\n\t\t\t<div class=\"elementor-widget-wrap elementor-element-populated\">\n\t\t\t\t\t\t<div class=\"elementor-element elementor-element-e5eb7b5 elementor-widget elementor-widget-spacer\" data-id=\"e5eb7b5\" data-element_type=\"widget\" data-widget_type=\"spacer.default\">\n\t\t\t\t<div class=\"elementor-widget-container\">\n\t\t\t\t\t\t\t<div class=\"elementor-spacer\">\n\t\t\t<div class=\"elementor-spacer-inner\"><\/div>\n\t\t<\/div>\n\t\t\t\t\t\t<\/div>\n\t\t\t\t<\/div>\n\t\t\t\t<div class=\"elementor-element elementor-element-9fc6817 elementor-widget elementor-widget-pbmit_heading\" data-id=\"9fc6817\" data-element_type=\"widget\" data-widget_type=\"pbmit_heading.default\">\n\t\t\t\t<div class=\"elementor-widget-container\">\n\t\t\t\t\t <div class=\"pbmit-heading-subheading  animation-style2\"><h2 class=\"pbmit-element-title\">\r\n\t\t\t\t\r\n\t\t\t\t\t\u0414\u0438\u0437\u0430\u0439\u043d\u0435\u0440\r\n\t\t\t\t\r\n\t\t\t\t<\/h2>\r\n\t\t\t<\/div>\t\t\t\t<\/div>\n\t\t\t\t<\/div>\n\t\t\t\t\t<\/div>\n\t\t<\/div>\n\t\t\t\t\t<\/div>\n\t\t<\/section>\n\t\t\t\t<div class=\"elementor-section elementor-top-section elementor-element elementor-element-e1fb8b4 pbmit-col-stretched-none pbmit-bg-color-over-image elementor-section-boxed elementor-section-height-default elementor-section-height-default\" data-id=\"e1fb8b4\" data-element_type=\"section\" data-settings=\"{&quot;background_background&quot;:&quot;classic&quot;}\">\n\t\t\t\t\t\t<div class=\"elementor-container elementor-column-gap-no\">\n\t\t\t\t\t<div class=\"elementor-column elementor-col-50 elementor-top-column elementor-element elementor-element-2080795 pbmit-bg-color-over-image\" data-id=\"2080795\" data-element_type=\"column\">\n\t\t\t<div class=\"elementor-widget-wrap elementor-element-populated\">\n\t\t\t\t\t\t<div class=\"elementor-element elementor-element-16df3da elementor-widget elementor-widget-text-editor\" data-id=\"16df3da\" data-element_type=\"widget\" data-widget_type=\"text-editor.default\">\n\t\t\t\t<div class=\"elementor-widget-container\">\n\t\t\t\t\t\t\t\t\t<p>\u042f \u043f\u043e\u043b\u0443\u0447\u0438\u043b\u0430 \u0442\u0440\u0438 \u043f\u0440\u043e\u0444\u0438\u043b\u044c\u043d\u044b\u0445 \u043e\u0431\u0440\u0430\u0437\u043e\u0432\u0430\u043d\u0438\u044f: \u0442\u0435\u0445\u043d\u0438\u0447\u0435\u0441\u043a\u043e\u0435 (\u0442\u0435\u0445\u043d\u043e\u043b\u043e\u0433 \u0448\u0432\u0435\u0439\u043d\u043e\u0433\u043e \u043f\u0440\u043e\u0438\u0437\u0432\u043e\u0434\u0441\u0442\u0432\u0430), \u043f\u0435\u0434\u0430\u0433\u043e\u0433\u0438\u0447\u0435\u0441\u043a\u043e\u0435 (\u0443\u0447\u0438\u0442\u0435\u043b\u044c \u0434\u043e\u043c\u043e\u0432\u043e\u0434\u0441\u0442\u0432\u0430) \u0438 \u0434\u0438\u0437\u0430\u0439\u043d\u0435\u0440\u0441\u043a\u043e\u0435 (Profesion\u0101l\u0101s kvalifik\u0101cijas Apliec\u012bba \u041a\u0410\u0421 Nr 007485) <br \/>\u041f\u0440\u0435\u043f\u043e\u0434\u0430\u0432\u0430\u043b\u0430 \u0432 3 \u0432\u0435\u0434\u0443\u0449\u0438\u0445 \u0433\u0438\u043c\u043d\u0430\u0437\u0438\u044f\u0445 \u0420\u0438\u0433\u0438. <br \/>\u041d\u0430\u043f\u0438\u0441\u0430\u043b\u0430 \u0438 \u043e\u043f\u0443\u0431\u043b\u0438\u043a\u043e\u0432\u0430\u043b\u0430 \u043f\u0435\u0440\u0432\u0443\u044e \u0432 \u041b\u0430\u0442\u0432\u0438\u0438 \u043a\u043d\u0438\u0433\u0443 \u043f\u043e \u0431\u0438\u0441\u0435\u0440\u043e\u043f\u043b\u0435\u0442\u0435\u043d\u0438\u044e \u043d\u0430 \u0440\u0443\u0441\u0441\u043a\u043e\u043c \u0438 \u043b\u0430\u0442\u044b\u0448\u0441\u043a\u043e\u043c \u044f\u0437\u044b\u043a\u0435. \u041c\u043e\u0438 \u0441\u0442\u0430\u0442\u044c\u0438 \u043f\u0443\u0431\u043b\u0438\u043a\u043e\u0432\u0430\u043b\u0438\u0441\u044c \u0432 \u0436\u0443\u0440\u043d\u0430\u043b\u0430\u0445 \u00ab\u041b\u044e\u0431\u043b\u044e\u00bb \u0438 \u00abM\u016bsu m\u0101ja\u00bb.<br \/>\u041e\u0441\u043d\u043e\u0432\u0430\u043b\u0430 \u0438 \u043d\u0430 \u043f\u0440\u043e\u0442\u044f\u0436\u0435\u043d\u0438\u0438 10 \u043b\u0435\u0442 \u0440\u0443\u043a\u043e\u0432\u043e\u0434\u0438\u043b\u0430 \u0430\u043a\u043a\u0440\u0435\u0434\u0438\u0442\u043e\u0432\u0430\u043d\u043d\u043e\u0439 \u0432 \u041c\u0438\u043d\u0438\u0441\u0442\u0435\u0440\u0441\u0442\u0432\u0435 \u043e\u0431\u0440\u0430\u0437\u043e\u0432\u0430\u043d\u0438\u044f \u0421\u0442\u0443\u0434\u0438\u0435\u0439 \u0440\u0443\u043a\u043e\u0434\u0435\u043b\u0438\u044f RODAS, \u0433\u0434\u0435 \u0431\u043e\u043b\u0435\u0435 1000 \u0432\u044b\u043f\u0443\u0441\u043a\u043d\u0438\u043a\u043e\u0432 \u043f\u043e\u043b\u0443\u0447\u0438\u043b\u0438 \u0433\u043e\u0441\u0443\u0434\u0430\u0440\u0441\u0442\u0432\u0435\u043d\u043d\u044b\u0435 \u0434\u0438\u043f\u043b\u043e\u043c\u044b \u0443\u0441\u0442\u0430\u043d\u043e\u0432\u043b\u0435\u043d\u043d\u043e\u0433\u043e \u043e\u0431\u0440\u0430\u0437\u0446\u0430<br \/>\u0417\u0430\u043d\u0438\u043c\u0430\u044e\u0441\u044c \u0438\u043d\u0442\u0435\u0440\u044c\u0435\u0440\u043d\u044b\u043c \u0434\u0438\u0437\u0430\u0439\u043d\u043e\u043c \u0441 2009 \u0433\u043e\u0434\u0430. \u0420\u0435\u0430\u043b\u0438\u0437\u0443\u044e \u043f\u0440\u043e\u0435\u043a\u0442\u044b \u043f\u043e\u043b\u043d\u043e\u0433\u043e \u0446\u0438\u043a\u043b\u0430 \u2014 \u043e\u0442 \u043f\u043b\u0430\u043d\u0438\u0440\u043e\u0432\u043a\u0438 \u0438 \u0442\u0435\u0445\u043d\u0438\u0447\u0435\u0441\u043a\u043e\u0439 \u0434\u043e\u043a\u0443\u043c\u0435\u043d\u0442\u0430\u0446\u0438\u0438 \u0434\u043e \u0434\u0435\u043a\u043e\u0440\u0438\u0440\u043e\u0432\u0430\u043d\u0438\u044f. \u0421\u043f\u0435\u0446\u0438\u0430\u043b\u0438\u0437\u0438\u0440\u0443\u044e\u0441\u044c \u043d\u0430 \u0441\u0435\u0440\u0438\u0439\u043d\u044b\u0445 \u043a\u0432\u0430\u0440\u0442\u0438\u0440\u0430\u0445 &#8212; \u043e\u0444\u0438\u0446\u0438\u0430\u043b\u044c\u043d\u043e\u0439 \u043f\u0435\u0440\u0435\u043f\u043b\u0430\u043d\u0438\u0440\u043e\u0432\u043a\u0435, \u043f\u0440\u043e\u0435\u043a\u0442\u0438\u0440\u043e\u0432\u0430\u043d\u0438\u0438 \u043a\u0443\u0445\u043e\u043d\u043d\u043e\u0439 \u043c\u0435\u0431\u0435\u043b\u0438, \u0440\u0435\u0434\u0438\u0437\u0430\u0439\u043d\u0435 \u0438\u043d\u0442\u0435\u0440\u044c\u0435\u0440\u0430, \u0445\u043e\u0443\u043c\u0441\u0442\u0435\u0439\u0434\u0436\u0438\u043d\u0433\u0435<br \/>\u0426\u0435\u043d\u044e \u0433\u0440\u0430\u043c\u043e\u0442\u043d\u044b\u0435 \u043f\u043b\u0430\u043d\u0438\u0440\u043e\u0432\u043e\u0447\u043d\u044b\u0435 \u0440\u0435\u0448\u0435\u043d\u0438\u044f, \u044d\u0440\u0433\u043e\u043d\u043e\u043c\u0438\u043a\u0443 \u0438 \u0444\u0443\u043d\u043a\u0446\u0438\u043e\u043d\u0430\u043b\u044c\u043d\u043e\u0441\u0442\u044c. \u0423\u043c\u0435\u044e \u043d\u0430\u0445\u043e\u0434\u0438\u0442\u044c \u043d\u0435\u0441\u0442\u0430\u043d\u0434\u0430\u0440\u0442\u043d\u044b\u0435 \u043f\u043e\u0434\u0445\u043e\u0434\u044b \u0432 \u0440\u0430\u043c\u043a\u0430\u0445 \u043f\u043e\u0441\u0442\u0430\u0432\u043b\u0435\u043d\u043d\u043e\u0433\u043e \u0431\u044e\u0434\u0436\u0435\u0442\u0430 \u0438 \u0437\u0430\u0434\u0430\u0447 \u043b\u044e\u0431\u043e\u0439 \u0441\u043b\u043e\u0436\u043d\u043e\u0441\u0442\u0438.<\/p>\t\t\t\t\t\t\t\t<\/div>\n\t\t\t\t<\/div>\n\t\t\t\t\t<\/div>\n\t\t<\/div>\n\t\t\t\t<div class=\"elementor-column elementor-col-50 elementor-top-column elementor-element elementor-element-a05f052 pbmit-bg-color-over-image\" data-id=\"a05f052\" data-element_type=\"column\">\n\t\t\t<div class=\"elementor-widget-wrap elementor-element-populated\">\n\t\t\t\t\t\t<div class=\"elementor-element elementor-element-84decc6 pbmit-animation-style7 elementor-widget__width-initial elementor-widget elementor-widget-image\" data-id=\"84decc6\" data-element_type=\"widget\" data-widget_type=\"image.default\">\n\t\t\t\t<div class=\"elementor-widget-container\">\n\t\t\t\t\t\t\t\t\t\t\t\t\t\t\t<img fetchpriority=\"high\" decoding=\"async\" width=\"847\" height=\"851\" src=\"https:\/\/rodas.lv\/wp-content\/uploads\/2025\/06\/aboutme-scaled-1-1019x1024.jpg\" class=\"attachment-large size-large wp-image-2967\" alt=\"\" srcset=\"https:\/\/rodas.lv\/wp-content\/uploads\/2025\/06\/aboutme-scaled-1-1019x1024.jpg 1019w, https:\/\/rodas.lv\/wp-content\/uploads\/2025\/06\/aboutme-scaled-1-300x300.jpg 300w, https:\/\/rodas.lv\/wp-content\/uploads\/2025\/06\/aboutme-scaled-1-150x150.jpg 150w, https:\/\/rodas.lv\/wp-content\/uploads\/2025\/06\/aboutme-scaled-1-768x772.jpg 768w, https:\/\/rodas.lv\/wp-content\/uploads\/2025\/06\/aboutme-scaled-1-1528x1536.jpg 1528w, https:\/\/rodas.lv\/wp-content\/uploads\/2025\/06\/aboutme-scaled-1.jpg 1600w\" sizes=\"(max-width: 847px) 100vw, 847px\" \/>\t\t\t\t\t\t\t\t\t\t\t\t\t\t\t<\/div>\n\t\t\t\t<\/div>\n\t\t\t\t\t<\/div>\n\t\t<\/div>\n\t\t\t\t\t<\/div>\n\t\t<\/div>\n\t\t\t\t<\/div>\n\t\t","protected":false},"excerpt":{"rendered":"<p>\u0414\u0438\u0437\u0430\u0439\u043d\u0435\u0440 \u042f \u043f\u043e\u043b\u0443\u0447\u0438\u043b\u0430 \u0442\u0440\u0438 \u043f\u0440\u043e\u0444\u0438\u043b\u044c\u043d\u044b\u0445 \u043e\u0431\u0440\u0430\u0437\u043e\u0432\u0430\u043d\u0438\u044f: \u0442\u0435\u0445\u043d\u0438\u0447\u0435\u0441\u043a\u043e\u0435 (\u0442\u0435\u0445\u043d\u043e\u043b\u043e\u0433 \u0448\u0432\u0435\u0439\u043d\u043e\u0433\u043e \u043f\u0440\u043e\u0438\u0437\u0432\u043e\u0434\u0441\u0442\u0432\u0430), \u043f\u0435\u0434\u0430\u0433\u043e\u0433\u0438\u0447\u0435\u0441\u043a\u043e\u0435 (\u0443\u0447\u0438\u0442\u0435\u043b\u044c \u0434\u043e\u043c\u043e\u0432\u043e\u0434\u0441\u0442\u0432\u0430) \u0438 \u0434\u0438\u0437\u0430\u0439\u043d\u0435\u0440\u0441\u043a\u043e\u0435 (Profesion\u0101l\u0101s kvalifik\u0101cijas Apliec\u012bba \u041a\u0410\u0421 Nr 007485) \u041f\u0440\u0435\u043f\u043e\u0434\u0430\u0432\u0430\u043b\u0430 \u0432 3 \u0432\u0435\u0434\u0443\u0449\u0438\u0445 \u0433\u0438\u043c\u043d\u0430\u0437\u0438\u044f\u0445 \u0420\u0438\u0433\u0438. \u041d\u0430\u043f\u0438\u0441\u0430\u043b\u0430 \u0438 \u043e\u043f\u0443\u0431\u043b\u0438\u043a\u043e\u0432\u0430\u043b\u0430 \u043f\u0435\u0440\u0432\u0443\u044e \u0432 \u041b\u0430\u0442\u0432\u0438\u0438 \u043a\u043d\u0438\u0433\u0443 \u043f\u043e \u0431\u0438\u0441\u0435\u0440\u043e\u043f\u043b\u0435\u0442\u0435\u043d\u0438\u044e \u043d\u0430 \u0440\u0443\u0441\u0441\u043a\u043e\u043c \u0438 \u043b\u0430\u0442\u044b\u0448\u0441\u043a\u043e\u043c \u044f\u0437\u044b\u043a\u0435. \u041c\u043e\u0438 \u0441\u0442\u0430\u0442\u044c\u0438 \u043f\u0443\u0431\u043b\u0438\u043a\u043e\u0432\u0430\u043b\u0438\u0441\u044c \u0432 \u0436\u0443\u0440\u043d\u0430\u043b\u0430\u0445 \u00ab\u041b\u044e\u0431\u043b\u044e\u00bb \u0438 \u00abM\u016bsu m\u0101ja\u00bb.\u041e\u0441\u043d\u043e\u0432\u0430\u043b\u0430 \u0438 \u043d\u0430 \u043f\u0440\u043e\u0442\u044f\u0436\u0435\u043d\u0438\u0438 10 \u043b\u0435\u0442 [&hellip;]<\/p>\n","protected":false},"author":1,"featured_media":0,"parent":0,"menu_order":0,"comment_status":"closed","ping_status":"closed","template":"","meta":{"_acf_changed":false,"inline_featured_image":false,"footnotes":""},"class_list":["post-2956","page","type-page","status-publish","hentry"],"acf":[],"_links":{"self":[{"href":"https:\/\/rodas.lv\/ru\/wp-json\/wp\/v2\/pages\/2956","targetHints":{"allow":["GET"]}}],"collection":[{"href":"https:\/\/rodas.lv\/ru\/wp-json\/wp\/v2\/pages"}],"about":[{"href":"https:\/\/rodas.lv\/ru\/wp-json\/wp\/v2\/types\/page"}],"author":[{"embeddable":true,"href":"https:\/\/rodas.lv\/ru\/wp-json\/wp\/v2\/users\/1"}],"replies":[{"embeddable":true,"href":"https:\/\/rodas.lv\/ru\/wp-json\/wp\/v2\/comments?post=2956"}],"version-history":[{"count":16,"href":"https:\/\/rodas.lv\/ru\/wp-json\/wp\/v2\/pages\/2956\/revisions"}],"predecessor-version":[{"id":3246,"href":"https:\/\/rodas.lv\/ru\/wp-json\/wp\/v2\/pages\/2956\/revisions\/3246"}],"wp:attachment":[{"href":"https:\/\/rodas.lv\/ru\/wp-json\/wp\/v2\/media?parent=2956"}],"curies":[{"name":"wp","href":"https:\/\/api.w.org\/{rel}","templated":true}]}}